{"id":5,"date":"2012-08-11T14:04:09","date_gmt":"2012-08-11T14:04:09","guid":{"rendered":"http:\/\/127.0.0.1\/?page_id=2"},"modified":"2021-12-07T01:54:52","modified_gmt":"2021-12-07T00:54:52","slug":"historik","status":"publish","type":"page","link":"http:\/\/193-44-159-78.customer.telia.com\/en\/historik","title":{"rendered":"Svenska Serieakademin"},"content":{"rendered":"<p><em>av Klas Danielsson och Stellan Nehlmark<\/em><\/p>\n<p>Svenska Serieakademin instiftades i december 1965 i samband med Sveriges f\u00f6rsta serieutst\u00e4llning, Seriernas Fantastiska V\u00e4rld, p\u00e5 Galleri Karlsson i Stockholm. Initiativet till b\u00e5de akademin och utst\u00e4llningen togs av den unge journalisten Sture Hegerfors.<\/p>\n<p style=\"text-align: center;\"><img loading=\"lazy\" decoding=\"async\" class=\"wp-image-299 aligncenter\" alt=\"vernissagekort\" src=\"\/wp-content\/uploads\/2013\/09\/vernissagekort.jpg\" width=\"480\" height=\"241\" srcset=\"http:\/\/193-44-159-78.customer.telia.com\/wp-content\/uploads\/2013\/09\/vernissagekort.jpg 800w, http:\/\/193-44-159-78.customer.telia.com\/wp-content\/uploads\/2013\/09\/vernissagekort-300x150.jpg 300w\" sizes=\"auto, (max-width: 480px) 100vw, 480px\" \/><\/p>\n<div id=\"attachment_298\" style=\"width: 1359px\" class=\"wp-caption alignnone\"><a href=\"\/wp-content\/uploads\/2013\/09\/galleri-karlsson.jpg\" target=\"_blank\" rel=\"noopener\"><img loading=\"lazy\" decoding=\"async\" aria-describedby=\"caption-attachment-298\" class=\"size-full wp-image-298\" alt=\"Seriernas fantastiska v\u00e4rld\" src=\"\/wp-content\/uploads\/2013\/09\/galleri-karlsson.jpg\" width=\"1349\" height=\"992\" srcset=\"http:\/\/193-44-159-78.customer.telia.com\/wp-content\/uploads\/2013\/09\/galleri-karlsson.jpg 1349w, http:\/\/193-44-159-78.customer.telia.com\/wp-content\/uploads\/2013\/09\/galleri-karlsson-300x221.jpg 300w, http:\/\/193-44-159-78.customer.telia.com\/wp-content\/uploads\/2013\/09\/galleri-karlsson-1024x753.jpg 1024w\" sizes=\"auto, (max-width: 1349px) 100vw, 1349px\" \/><\/a><p id=\"caption-attachment-298\" class=\"wp-caption-text\">Fr\u00e5n utst\u00e4llningen &#8220;Seriernas fantastiska v\u00e4rld&#8221; p\u00e5 Galleri Karlsson 1965.<\/p><\/div>\n<p>Under den h\u00e4r epoken tyckte s\u00e5 gott som alla kulturarbetare, l\u00e4rare, psykologer och sociologer illa om serier. Svenska Serieakademin, med aderton invalda ledam\u00f6ter, bildades med syfte att f\u00e5 slut p\u00e5 den ensidiga kritiken. F\u00f6r att uppm\u00e4rksamma kvalitetsserier i Sverige och utomlands besl\u00f6t akademin att varje \u00e5r dela ut Adamsonstatyetten i tv\u00e5 exemplar. S\u00e5 har skett sedan dess.<\/p>\n<p>Adamsonstatyetten \u00e4r uppkallad efter Oscar Jacobssons serie Adamson, som startade i sk\u00e4mttidningen S\u00f6ndags-Nisse 1920. Adamson \u00e4r fortfarande Sveriges internationellt sett mest spridda serie.<\/p>\n<p>1976 byggde Svenska Serieakademin (med Sture Hegerfors och Bo Karlsson i spetsen) upp \u2013 och ansvarade f\u00f6r \u2013 ett seriemuseum i n\u00f6jesparken Liseberg i G\u00f6teborg. H\u00e4r kunde man besk\u00e5da den tecknade seriens utveckling via hundratals originalteckningar. I museet fanns ocks\u00e5 Kronbloms vardagsrum i naturlig storlek, St\u00e5lmannens typiska telefonkiosk, \u201dburen\u201d p\u00e5 91:ans regemente och D\u00f6dskallegrottan med Fantomens tron och allt. I en monter visades en bit av Hollywood-Tarzans lian. Museibiografen vevade Gertie the Dinosaur fr\u00e5n 1909, Dick Tracy fr\u00e5n 1937 och andra filmer med serieanknytning.<\/p>\n<p>Svenska Seriemuseet blev en kortvarig historia. 1978 revs lokalerna f\u00f6r att ge plats \u00e5t Lisebergshallen. Delar av originalmaterialet fr\u00e5n seriemuseet p\u00e5 Liseberg har sedan dess funnits med i Sture Hegerfors och Lasse \u00c5bergs vandringsutst\u00e4llningar samt p\u00e5 \u00c5bergs Museum i B\u00e5lsta.<\/p>\n<p>I maj 1985 arrangerade Sture och Svenska Serieakademin tillsammans med bl a SAS och Marknadsf\u00f6reningen i Helsingborg Skandinaviens f\u00f6rsta internationella seriekongress, COMICS &#8217;85 in Helsingborg. Bland g\u00e4sterna: Lee Falk,&nbsp;Andr\u00e9 Franquin,&nbsp; Burne Hogarth, Sergio Aragon\u00e9s och Jerry Siegel.<\/p>\n<div id=\"attachment_239\" style=\"width: 1610px\" class=\"wp-caption alignnone\"><a href=\"\/wp-content\/uploads\/2013\/09\/crumb.jpg\" target=\"_blank\" rel=\"noopener\"><img loading=\"lazy\" decoding=\"async\" aria-describedby=\"caption-attachment-239\" class=\"size-full wp-image-239  \" alt=\"crumb\" src=\"\/wp-content\/uploads\/2013\/09\/crumb.jpg\" width=\"1600\" height=\"1095\" srcset=\"http:\/\/193-44-159-78.customer.telia.com\/wp-content\/uploads\/2013\/09\/crumb.jpg 1600w, http:\/\/193-44-159-78.customer.telia.com\/wp-content\/uploads\/2013\/09\/crumb-300x205.jpg 300w, http:\/\/193-44-159-78.customer.telia.com\/wp-content\/uploads\/2013\/09\/crumb-1024x701.jpg 1024w\" sizes=\"auto, (max-width: 1600px) 100vw, 1600px\" \/><\/a><p id=\"caption-attachment-239\" class=\"wp-caption-text\">Robert Crumb \u00e4r en av m\u00e5nga seriecelebriteter som deltagit i COMICS-arrangemangen p\u00e5 bokm\u00e4ssan i G\u00f6teborg.<\/p><\/div>\n<p>De f\u00f6ljande kongresserna har \u00e4gt rum \u00e5rligen p\u00e5 Bokm\u00e4ssan i G\u00f6teborg med massor av celebra deltagare fr\u00e5n seriebranschen \u2013 tecknare, f\u00f6rfattare och f\u00f6rlagsfolk. Adamsonstatyetterna delas ocks\u00e5 ut p\u00e5 Bokm\u00e4ssan.<\/p>\n<div id=\"attachment_246\" style=\"width: 1810px\" class=\"wp-caption alignnone\"><a href=\"\/wp-content\/uploads\/2013\/09\/Walker-signering.jpg\" target=\"_blank\" rel=\"noopener\"><img loading=\"lazy\" decoding=\"async\" aria-describedby=\"caption-attachment-246\" class=\"size-full wp-image-246 \" alt=\"N\u00e4r Knasens upphovsman Mort Walker kom till G\u00f6teborg blev signeringsk\u00f6erna s\u00e5 l\u00e5nga att det inte gick att ta sig fram p\u00e5 m\u00e4ssgolvet.\" src=\"\/wp-content\/uploads\/2013\/09\/Walker-signering.jpg\" width=\"1800\" height=\"1264\" srcset=\"http:\/\/193-44-159-78.customer.telia.com\/wp-content\/uploads\/2013\/09\/Walker-signering.jpg 1800w, http:\/\/193-44-159-78.customer.telia.com\/wp-content\/uploads\/2013\/09\/Walker-signering-300x211.jpg 300w, http:\/\/193-44-159-78.customer.telia.com\/wp-content\/uploads\/2013\/09\/Walker-signering-1024x719.jpg 1024w\" sizes=\"auto, (max-width: 1800px) 100vw, 1800px\" \/><\/a><p id=\"caption-attachment-246\" class=\"wp-caption-text\">N\u00e4r Knasens upphovsman Mort Walker kom till G\u00f6teborg blev signeringsk\u00f6erna s\u00e5 l\u00e5nga att det inte gick att ta sig fram p\u00e5 m\u00e4ssgolvet.<\/p><\/div>\n<p>\u00c5r 2001 invigdes COMICS-arrangemanget \u201dSerieS\u00f6ndag\u201d p\u00e5 m\u00e4ssan med bland andra tecknarna Bud Grace (Ernie) och Sy Barry (Fantomen) som hedersg\u00e4ster.<\/p>\n","protected":false},"excerpt":{"rendered":"<p>av Klas Danielsson och Stellan Nehlmark Svenska Serieakademin instiftades i december 1965 i samband med Sveriges f\u00f6rsta serieutst\u00e4llning, Seriernas Fantastiska V\u00e4rld, p\u00e5 Galleri Karlsson i Stockholm. Initiativet till b\u00e5de akademin och utst\u00e4llningen togs av den unge journalisten Sture Hegerfors. Under<span class=\"ellipsis\">&hellip;<\/span><\/p>\n<div class=\"read-more\"><a href=\"http:\/\/193-44-159-78.customer.telia.com\/en\/historik\">Read more &#8250;<\/a><\/div>\n<p><!-- end of .read-more --><\/p>\n","protected":false},"author":1,"featured_media":0,"parent":0,"menu_order":0,"comment_status":"closed","ping_status":"open","template":"","meta":{"footnotes":""},"class_list":["post-5","page","type-page","status-publish","hentry"],"yoast_head":"<!-- This site is optimized with the Yoast SEO plugin v26.6 - https:\/\/yoast.com\/wordpress\/plugins\/seo\/ -->\n<title>Svenska Serieakademin - Svenska Serieakademin<\/title>\n<meta name=\"robots\" content=\"index, follow, max-snippet:-1, max-image-preview:large, max-video-preview:-1\" \/>\n<link rel=\"canonical\" href=\"http:\/\/ns2.serieakademin.se\/historik\" \/>\n<meta name=\"twitter:label1\" content=\"Est. reading time\" \/>\n\t<meta name=\"twitter:data1\" content=\"3 minutes\" \/>\n<script type=\"application\/ld+json\" class=\"yoast-schema-graph\">{\"@context\":\"https:\/\/schema.org\",\"@graph\":[{\"@type\":\"WebPage\",\"@id\":\"http:\/\/ns2.serieakademin.se\/historik\",\"url\":\"http:\/\/ns2.serieakademin.se\/historik\",\"name\":\"Svenska Serieakademin - Svenska Serieakademin\",\"isPartOf\":{\"@id\":\"http:\/\/svenskaserieakademin.se\/#website\"},\"datePublished\":\"2012-08-11T14:04:09+00:00\",\"dateModified\":\"2021-12-07T00:54:52+00:00\",\"breadcrumb\":{\"@id\":\"http:\/\/ns2.serieakademin.se\/historik#breadcrumb\"},\"inLanguage\":\"en-US\",\"potentialAction\":[{\"@type\":\"ReadAction\",\"target\":[\"http:\/\/ns2.serieakademin.se\/historik\"]}]},{\"@type\":\"BreadcrumbList\",\"@id\":\"http:\/\/ns2.serieakademin.se\/historik#breadcrumb\",\"itemListElement\":[{\"@type\":\"ListItem\",\"position\":1,\"name\":\"Hem\",\"item\":\"http:\/\/svenskaserieakademin.se\/\"},{\"@type\":\"ListItem\",\"position\":2,\"name\":\"Svenska Serieakademin\"}]},{\"@type\":\"WebSite\",\"@id\":\"http:\/\/svenskaserieakademin.se\/#website\",\"url\":\"http:\/\/svenskaserieakademin.se\/\",\"name\":\"Svenska Serieakademin\",\"description\":\"Sk\u00e4mt och allvar\",\"potentialAction\":[{\"@type\":\"SearchAction\",\"target\":{\"@type\":\"EntryPoint\",\"urlTemplate\":\"http:\/\/svenskaserieakademin.se\/?s={search_term_string}\"},\"query-input\":{\"@type\":\"PropertyValueSpecification\",\"valueRequired\":true,\"valueName\":\"search_term_string\"}}],\"inLanguage\":\"en-US\"}]}<\/script>\n<!-- \/ Yoast SEO plugin. -->","yoast_head_json":{"title":"Svenska Serieakademin - Svenska Serieakademin","robots":{"index":"index","follow":"follow","max-snippet":"max-snippet:-1","max-image-preview":"max-image-preview:large","max-video-preview":"max-video-preview:-1"},"canonical":"http:\/\/ns2.serieakademin.se\/historik","twitter_misc":{"Est. reading time":"3 minutes"},"schema":{"@context":"https:\/\/schema.org","@graph":[{"@type":"WebPage","@id":"http:\/\/ns2.serieakademin.se\/historik","url":"http:\/\/ns2.serieakademin.se\/historik","name":"Svenska Serieakademin - Svenska Serieakademin","isPartOf":{"@id":"http:\/\/svenskaserieakademin.se\/#website"},"datePublished":"2012-08-11T14:04:09+00:00","dateModified":"2021-12-07T00:54:52+00:00","breadcrumb":{"@id":"http:\/\/ns2.serieakademin.se\/historik#breadcrumb"},"inLanguage":"en-US","potentialAction":[{"@type":"ReadAction","target":["http:\/\/ns2.serieakademin.se\/historik"]}]},{"@type":"BreadcrumbList","@id":"http:\/\/ns2.serieakademin.se\/historik#breadcrumb","itemListElement":[{"@type":"ListItem","position":1,"name":"Hem","item":"http:\/\/svenskaserieakademin.se\/"},{"@type":"ListItem","position":2,"name":"Svenska Serieakademin"}]},{"@type":"WebSite","@id":"http:\/\/svenskaserieakademin.se\/#website","url":"http:\/\/svenskaserieakademin.se\/","name":"Svenska Serieakademin","description":"Sk\u00e4mt och allvar","potentialAction":[{"@type":"SearchAction","target":{"@type":"EntryPoint","urlTemplate":"http:\/\/svenskaserieakademin.se\/?s={search_term_string}"},"query-input":{"@type":"PropertyValueSpecification","valueRequired":true,"valueName":"search_term_string"}}],"inLanguage":"en-US"}]}},"_links":{"self":[{"href":"http:\/\/193-44-159-78.customer.telia.com\/en\/wp-json\/wp\/v2\/pages\/5","targetHints":{"allow":["GET"]}}],"collection":[{"href":"http:\/\/193-44-159-78.customer.telia.com\/en\/wp-json\/wp\/v2\/pages"}],"about":[{"href":"http:\/\/193-44-159-78.customer.telia.com\/en\/wp-json\/wp\/v2\/types\/page"}],"author":[{"embeddable":true,"href":"http:\/\/193-44-159-78.customer.telia.com\/en\/wp-json\/wp\/v2\/users\/1"}],"replies":[{"embeddable":true,"href":"http:\/\/193-44-159-78.customer.telia.com\/en\/wp-json\/wp\/v2\/comments?post=5"}],"version-history":[{"count":1,"href":"http:\/\/193-44-159-78.customer.telia.com\/en\/wp-json\/wp\/v2\/pages\/5\/revisions"}],"predecessor-version":[{"id":1060,"href":"http:\/\/193-44-159-78.customer.telia.com\/en\/wp-json\/wp\/v2\/pages\/5\/revisions\/1060"}],"wp:attachment":[{"href":"http:\/\/193-44-159-78.customer.telia.com\/en\/wp-json\/wp\/v2\/media?parent=5"}],"curies":[{"name":"wp","href":"https:\/\/api.w.org\/{rel}","templated":true}]}}